{"id":31,"date":"2017-01-16T21:27:09","date_gmt":"2017-01-16T18:27:09","guid":{"rendered":"http:\/\/ibrahimertekin.com\/?page_id=31"},"modified":"2024-09-15T17:24:07","modified_gmt":"2024-09-15T14:24:07","slug":"cv","status":"publish","type":"page","link":"https:\/\/ibrahimertekin.com.tr\/index.php\/cv\/","title":{"rendered":"\u00d6zge\u00e7mi\u015fim"},"content":{"rendered":"<a href=\"https:\/\/ibrahimertekin.com.tr\/wp-content\/uploads\/2024\/09\/Ibrahim-Ertekin-CV.pdf\" class=\"pdfemb-viewer\" style=\"\" data-width=\"max\" data-height=\"max\" data-toolbar=\"bottom\" data-toolbar-fixed=\"off\">\u0130brahim Ertekin - CV<\/a>\r\n<a href=\"https:\/\/ibrahimertekin.com\/wp-content\/uploads\/2020\/03\/ibrahimertekincv.pdf\" class=\"pdfemb-viewer\" style=\"\" data-width=\"max\" data-height=\"max\" data-toolbar=\"bottom\" data-toolbar-fixed=\"off\">ibrahimertekincv<\/a>\r\n<p class=\"wp-block-pdfemb-pdf-embedder-viewer\">\u00a0<\/p>\r\n\r\n\r\n\r\n<div class=\"wp-block-file\">\u00a0<\/div>\r\n<div class=\"sharedaddy sd-sharing-enabled\"><div class=\"robots-nocontent sd-block sd-social sd-social-icon-text sd-sharing\"><h3 class=\"sd-title\">Bunu payla\u015f:<\/h3><div class=\"sd-content\"><ul><li class=\"share-print\"><a rel=\"nofollow noopener noreferrer\" data-shared=\"\" class=\"share-print sd-button share-icon\" href=\"https:\/\/ibrahimertekin.com.tr\/index.php\/cv\/\" target=\"_blank\" title=\"Yazd\u0131rmak i\u00e7in t\u0131klay\u0131n\" ><span>Yazd\u0131r<\/span><\/a><\/li><li class=\"share-facebook\"><a rel=\"nofollow noopener noreferrer\" data-shared=\"sharing-facebook-31\" class=\"share-facebook sd-button share-icon\" href=\"https:\/\/ibrahimertekin.com.tr\/index.php\/cv\/?share=facebook\" target=\"_blank\" title=\"Facebook'ta payla\u015fmak i\u00e7in t\u0131klay\u0131n\" ><span>Facebook<\/span><\/a><\/li><li class=\"share-twitter\"><a rel=\"nofollow noopener noreferrer\" data-shared=\"sharing-twitter-31\" class=\"share-twitter sd-button share-icon\" href=\"https:\/\/ibrahimertekin.com.tr\/index.php\/cv\/?share=twitter\" target=\"_blank\" title=\"Twitter \u00fczerinde payla\u015fmak i\u00e7in t\u0131klay\u0131n\" ><span>Twitter<\/span><\/a><\/li><li class=\"share-linkedin\"><a rel=\"nofollow noopener noreferrer\" data-shared=\"sharing-linkedin-31\" class=\"share-linkedin sd-button share-icon\" href=\"https:\/\/ibrahimertekin.com.tr\/index.php\/cv\/?share=linkedin\" target=\"_blank\" title=\"Linkedln \u00fczerinden payla\u015fmak i\u00e7in t\u0131klay\u0131n\" ><span>LinkedIn<\/span><\/a><\/li><li class=\"share-jetpack-whatsapp\"><a rel=\"nofollow noopener noreferrer\" data-shared=\"\" class=\"share-jetpack-whatsapp sd-button share-icon\" href=\"https:\/\/ibrahimertekin.com.tr\/index.php\/cv\/?share=jetpack-whatsapp\" target=\"_blank\" title=\"WhatsApp'ta payla\u015fmak i\u00e7in t\u0131klay\u0131n\" ><span>WhatsApp<\/span><\/a><\/li><li class=\"share-email\"><a rel=\"nofollow noopener noreferrer\" data-shared=\"\" class=\"share-email sd-button share-icon\" href=\"mailto:?subject=%5BPayla%C5%9F%C4%B1lan%20yaz%C4%B1%5D%20%C3%96zge%C3%A7mi%C5%9Fim&body=https%3A%2F%2Fibrahimertekin.com.tr%2Findex.php%2Fcv%2F&share=email\" target=\"_blank\" title=\"Arkada\u015f\u0131n\u0131za e-posta ile ba\u011flant\u0131 g\u00f6ndermek i\u00e7in t\u0131klay\u0131n\" data-email-share-error-title=\"Kurulu bir e-postan\u0131z var m\u0131?\" data-email-share-error-text=\"E-posta yoluyla payla\u015f\u0131mda sorun ya\u015f\u0131yorsan\u0131z, taray\u0131c\u0131n\u0131z i\u00e7in e-posta ayar\u0131n\u0131 yapmam\u0131\u015f olabilirsiniz. Kendiniz yeni bir e-posta olu\u015fturman\u0131z gerekebilir.\" data-email-share-nonce=\"52687812dc\" data-email-share-track-url=\"https:\/\/ibrahimertekin.com.tr\/index.php\/cv\/?share=email\"><span>E-posta<\/span><\/a><\/li><li class=\"share-end\"><\/li><\/ul><\/div><\/div><\/div>","protected":false},"excerpt":{"rendered":"<div class=\"sharedaddy sd-sharing-enabled\"><div class=\"robots-nocontent sd-block sd-social sd-social-icon-text sd-sharing\"><h3 class=\"sd-title\">Bunu payla\u015f:<\/h3><div class=\"sd-content\"><ul><li class=\"share-print\"><a rel=\"nofollow noopener noreferrer\" data-shared=\"\" class=\"share-print sd-button share-icon\" href=\"https:\/\/ibrahimertekin.com.tr\/index.php\/cv\/\" target=\"_blank\" title=\"Yazd\u0131rmak i\u00e7in t\u0131klay\u0131n\" ><span>Yazd\u0131r<\/span><\/a><\/li><li class=\"share-facebook\"><a rel=\"nofollow noopener noreferrer\" data-shared=\"sharing-facebook-31\" class=\"share-facebook sd-button share-icon\" href=\"https:\/\/ibrahimertekin.com.tr\/index.php\/cv\/?share=facebook\" target=\"_blank\" title=\"Facebook'ta payla\u015fmak i\u00e7in t\u0131klay\u0131n\" ><span>Facebook<\/span><\/a><\/li><li class=\"share-twitter\"><a rel=\"nofollow noopener noreferrer\" data-shared=\"sharing-twitter-31\" class=\"share-twitter sd-button share-icon\" href=\"https:\/\/ibrahimertekin.com.tr\/index.php\/cv\/?share=twitter\" target=\"_blank\" title=\"Twitter \u00fczerinde payla\u015fmak i\u00e7in t\u0131klay\u0131n\" ><span>Twitter<\/span><\/a><\/li><li class=\"share-linkedin\"><a rel=\"nofollow noopener noreferrer\" data-shared=\"sharing-linkedin-31\" class=\"share-linkedin sd-button share-icon\" href=\"https:\/\/ibrahimertekin.com.tr\/index.php\/cv\/?share=linkedin\" target=\"_blank\" title=\"Linkedln \u00fczerinden payla\u015fmak i\u00e7in t\u0131klay\u0131n\" ><span>LinkedIn<\/span><\/a><\/li><li class=\"share-jetpack-whatsapp\"><a rel=\"nofollow noopener noreferrer\" data-shared=\"\" class=\"share-jetpack-whatsapp sd-button share-icon\" href=\"https:\/\/ibrahimertekin.com.tr\/index.php\/cv\/?share=jetpack-whatsapp\" target=\"_blank\" title=\"WhatsApp'ta payla\u015fmak i\u00e7in t\u0131klay\u0131n\" ><span>WhatsApp<\/span><\/a><\/li><li class=\"share-email\"><a rel=\"nofollow noopener noreferrer\" data-shared=\"\" class=\"share-email sd-button share-icon\" href=\"mailto:?subject=%5BPayla%C5%9F%C4%B1lan%20yaz%C4%B1%5D%20%C3%96zge%C3%A7mi%C5%9Fim&body=https%3A%2F%2Fibrahimertekin.com.tr%2Findex.php%2Fcv%2F&share=email\" target=\"_blank\" title=\"Arkada\u015f\u0131n\u0131za e-posta ile ba\u011flant\u0131 g\u00f6ndermek i\u00e7in t\u0131klay\u0131n\" data-email-share-error-title=\"Kurulu bir e-postan\u0131z var m\u0131?\" data-email-share-error-text=\"E-posta yoluyla payla\u015f\u0131mda sorun ya\u015f\u0131yorsan\u0131z, taray\u0131c\u0131n\u0131z i\u00e7in e-posta ayar\u0131n\u0131 yapmam\u0131\u015f olabilirsiniz. Kendiniz yeni bir e-posta olu\u015fturman\u0131z gerekebilir.\" data-email-share-nonce=\"52687812dc\" data-email-share-track-url=\"https:\/\/ibrahimertekin.com.tr\/index.php\/cv\/?share=email\"><span>E-posta<\/span><\/a><\/li><li class=\"share-end\"><\/li><\/ul><\/div><\/div><\/div>","protected":false},"author":1,"featured_media":0,"parent":0,"menu_order":0,"comment_status":"closed","ping_status":"closed","template":"","meta":{"jetpack_post_was_ever_published":false},"jetpack_sharing_enabled":true,"jetpack_shortlink":"https:\/\/wp.me\/P8kHSI-v","_links":{"self":[{"href":"https:\/\/ibrahimertekin.com.tr\/index.php\/wp-json\/wp\/v2\/pages\/31"}],"collection":[{"href":"https:\/\/ibrahimertekin.com.tr\/index.php\/wp-json\/wp\/v2\/pages"}],"about":[{"href":"https:\/\/ibrahimertekin.com.tr\/index.php\/wp-json\/wp\/v2\/types\/page"}],"author":[{"embeddable":true,"href":"https:\/\/ibrahimertekin.com.tr\/index.php\/wp-json\/wp\/v2\/users\/1"}],"replies":[{"embeddable":true,"href":"https:\/\/ibrahimertekin.com.tr\/index.php\/wp-json\/wp\/v2\/comments?post=31"}],"version-history":[{"count":14,"href":"https:\/\/ibrahimertekin.com.tr\/index.php\/wp-json\/wp\/v2\/pages\/31\/revisions"}],"predecessor-version":[{"id":1329,"href":"https:\/\/ibrahimertekin.com.tr\/index.php\/wp-json\/wp\/v2\/pages\/31\/revisions\/1329"}],"wp:attachment":[{"href":"https:\/\/ibrahimertekin.com.tr\/index.php\/wp-json\/wp\/v2\/media?parent=31"}],"curies":[{"name":"wp","href":"https:\/\/api.w.org\/{rel}","templated":true}]}}